{"id":54,"date":"2019-02-26T14:51:59","date_gmt":"2019-02-26T14:51:59","guid":{"rendered":"https:\/\/adigasser.ch\/adg\/?page_id=54"},"modified":"2019-02-27T11:36:36","modified_gmt":"2019-02-27T11:36:36","slug":"impressum-privacy","status":"publish","type":"page","link":"https:\/\/adigasser.ch\/adg\/impressum-privacy\/","title":{"rendered":"Impressum &#038; Privacy"},"content":{"rendered":"\n<p>           <div class=\"impressum\"><h2>Kontaktadresse<\/h2>adigasser.ch                     <p>Adrian \u00a0Gasser<\/p>Unterdorfw\u00e4g 8                     <p>8117 F\u00e4llanden<\/p>Schweiz                     <p><a href=\"mailto:adi@adigasser.ch\">adi@adigasser.ch<\/a><\/p>                      <h2>Haftungsausschluss<\/h2><p>Der Autor \u00fcbernimmt keinerlei Gew\u00e4hr hinsichtlich der inhaltlichen Richtigkeit, Genauigkeit, Aktualit\u00e4t, Zuverl\u00e4ssigkeit und  Vollst\u00e4ndigkeit der Informationen.  Haftungsanspr\u00fcche gegen den Autor wegen Sch\u00e4den materieller  oder immaterieller Art, welche aus dem Zugriff oder der Nutzung bzw.  Nichtnutzung der ver\u00f6ffentlichten Informationen, durch Missbrauch der  Verbindung oder durch technische St\u00f6rungen entstanden sind, werden  ausgeschlossen. Alle  Angebote sind unverbindlich. Der Autor beh\u00e4lt es sich ausdr\u00fccklich vor, Teile  der Seiten oder das gesamte Angebot ohne gesonderte Ank\u00fcndigung zu ver\u00e4ndern,  zu erg\u00e4nzen, zu l\u00f6schen oder die Ver\u00f6ffentlichung zeitweise oder endg\u00fcltig  einzustellen.                    <\/p><\/div><div class=\"impressum\"><h2>Haftung f\u00fcr Links                <\/h2><p>Verweise und Links auf Webseiten  Dritter liegen ausserhalb unseres Verantwortungsbereichs Es wird jegliche Verantwortung f\u00fcr solche Webseiten  abgelehnt.  Der Zugriff und die Nutzung solcher Webseiten erfolgen  auf eigene Gefahr des Nutzers oder der Nutzerin.                    <\/p><h2>Urheberrechte<\/h2>Die Urheber- und alle anderen Rechte an Inhalten, Bildern, Fotos oder anderen Dateien auf der Website geh\u00f6ren ausschliesslich <strong>der Firma adigasser.ch<\/strong> oder den speziell genannten  Rechtsinhabern. F\u00fcr die Reproduktion jeglicher Elemente ist die schriftliche Zustimmung der Urheberrechtstr\u00e4ger im Voraus einzuholen.    <h2>Datenschutz<\/h2>Gest\u00fctzt auf Artikel 13 der schweizerischen Bundesverfassung  und die datenschutzrechtlichen Bestimmungen des Bundes (Datenschutzgesetz, DSG)  hat jede Person Anspruch auf Schutz ihrer Privatsph\u00e4re sowie auf Schutz vor  Missbrauch ihrer pers\u00f6nlichen Daten. Wir halten diese Bestimmungen ein.  Pers\u00f6nliche Daten werden streng vertraulich behandelt und weder an Dritte  verkauft noch weiter gegeben.                     <p>In enger Zusammenarbeit mit unseren Hosting-Providern  bem\u00fchen wir uns, die Datenbanken so gut wie m\u00f6glich vor fremden Zugriffen, Verlusten,  Missbrauch oder vor F\u00e4lschung zu sch\u00fctzen.<\/p>Beim Zugriff auf unsere Webseiten werden folgende Daten in  Logfiles gespeichert: IP-Adresse, Datum, Uhrzeit, Browser-Anfrage und allg.  \u00fcbertragene Informationen zum Betriebssystem resp. Browser. Diese Nutzungsdaten  bilden die Basis f\u00fcr statistische, anonyme Auswertungen, so dass Trends  erkennbar sind, anhand derer wir unsere Angebote entsprechend verbessern  k\u00f6nnen.     <h2>Datenschutzerkl\u00e4rung f\u00fcr die Nutzung von Facebook-Plugins (Like-Button) <\/h2>Auf unseren Seiten sind Plugins des sozialen Netzwerks Facebook, 1601  South California Avenue, Palo Alto, CA 94304, USA integriert. Die  Facebook-Plugins erkennen Sie an dem Facebook-Logo oder dem  &#171;Like-Button&#187; (&#171;Gef\u00e4llt mir&#187;) auf unserer Seite. Eine  \u00dcbersicht \u00fcber die Facebook-Plugins finden Sie hier:  http:\/\/developers.facebook.com\/docs\/plugins\/.                      <p>Wenn Sie unsere Seiten besuchen, wird \u00fcber das Plugin eine direkte  Verbindung zwischen Ihrem Browser und dem Facebook-Server hergestellt. Facebook  erh\u00e4lt dadurch die Information, dass Sie mit Ihrer IP-Adresse unsere Seite  besucht haben. Wenn Sie den Facebook &#171;Like-Button&#187; anklicken w\u00e4hrend  Sie in Ihrem Facebook-Account eingeloggt sind, k\u00f6nnen Sie die Inhalte unserer  Seiten auf Ihrem Facebook-Profil verlinken. Dadurch kann Facebook den Besuch  unserer Seiten Ihrem Benutzerkonto zuordnen. Wir weisen darauf hin, dass wir  als Anbieter der Seiten keine Kenntnis vom Inhalt der \u00fcbermittelten Daten sowie  deren Nutzung durch Facebook erhalten. Weitere Informationen hierzu finden Sie  in der Datenschutzerkl\u00e4rung von facebook unter  https:\/\/www.facebook.com\/about\/privacy\/ <\/p>Wenn Sie nicht  w\u00fcnschen, dass Facebook den Besuch unserer Seiten Ihrem Facebook-Nutzerkonto  zuordnen kann, loggen Sie sich bitte aus Ihrem Facebook-Benutzerkonto aus. <h2>Datenschutzerkl\u00e4rung f\u00fcr die Nutzung von Twitter <\/h2>Auf unseren Seiten sind Funktionen des Dienstes Twitter eingebunden.  Diese Funktionen werden angeboten durch die Twitter Inc., 795 Folsom St., Suite  600, San Francisco, CA 94107, USA. Durch das Benutzen von Twitter und der  Funktion &#171;Re-Tweet&#187; werden die von Ihnen besuchten Webseiten mit  Ihrem Twitter-Account verkn\u00fcpft und anderen Nutzern bekannt gegeben. Dabei  werden u.a. Daten wie IP-Adresse, Browsertyp, aufgerufene Domains, besuchte  Seiten, Mobilfunkanbieter, Ger\u00e4te- und Applikations-IDs und Suchbegriffe an  Twitter \u00fcbertragen.                      <p>Wir weisen darauf hin, dass wir als Anbieter der Seiten keine Kenntnis  vom Inhalt der \u00fcbermittelten Daten sowie deren Nutzung durch Twitter erhalten. Aufgrund  laufender Aktualisierung der Datenschutzerkl\u00e4rung von Twitter, weisen wir auf die  aktuellste Version unter (http:\/\/twitter.com\/privacy) hin. <\/p>Ihre  Datenschutzeinstellungen bei Twitter k\u00f6nnen Sie in den Konto-Einstellungen  unter http:\/\/twitter.com\/account\/settings \u00e4ndern. Bei Fragen wenden Sie sich an  privacy@twitter.com.                                      <h2>Datenschutzerkl\u00e4rung f\u00fcr die Nutzung von Google Adsense <\/h2>Diese Website benutzt Google AdSense, einen Dienst zum Einbinden von  Werbeanzeigen der Google Inc. (&#171;Google&#187;). Google AdSense verwendet  sog. &#171;Cookies&#187;, Textdateien, die auf Ihrem Computer gespeichert  werden und die eine Analyse der Benutzung der Website erm\u00f6glicht. Google  AdSense verwendet auch so genannte Web Beacons (unsichtbare Grafiken). Durch  diese Web Beacons k\u00f6nnen Informationen wie der Besucherverkehr auf diesen  Seiten ausgewertet werden.                      <p>Die durch Cookies und Web Beacons erzeugten Informationen \u00fcber die Benutzung  dieser Website (einschlie\u00dflich Ihrer IP-Adresse) und Auslieferung von  Werbeformaten werden an einen Server von Google in den USA \u00fcbertragen und dort  gespeichert. Diese Informationen k\u00f6nnen von Google an Vertragspartner von  Google weiter gegeben werden. Google wird Ihre IP-Adresse jedoch nicht mit  anderen von Ihnen gespeicherten Daten zusammenf\u00fchren. <\/p>Sie k\u00f6nnen die Installation der Cookies durch eine entsprechende  Einstellung Ihrer Browser Software verhindern; wir weisen Sie jedoch darauf  hin, dass Sie in diesem Fall gegebenenfalls nicht s\u00e4mtliche Funktionen dieser  Website voll umf\u00e4nglich nutzen k\u00f6nnen. Durch die Nutzung dieser Website  erkl\u00e4ren Sie sich mit der Bearbeitung der \u00fcber Sie erhobenen Daten durch Google  in der zuvor beschriebenen Art und Weise und zu dem zuvor benannten Zweck  einverstanden.     <h2>Datenschutzerkl\u00e4rung f\u00fcr die Nutzung von Google Analytics<\/h2><p>Diese Website benutzt Google Analytics, einen Webanalysedienst der  Google Inc. (&#171;Google&#187;). Google Analytics verwendet sog.  &#171;Cookies&#187;, Textdateien, die auf Ihrem Computer gespeichert werden und  die eine Analyse der Benutzung der Website durch Sie erm\u00f6glichen. Die durch den  Cookie erzeugten Informationen \u00fcber Ihre Benutzung dieser Website werden in der  Regel an einen Server von Google in den USA \u00fcbertragen und dort gespeichert. Im  Falle der Aktivierung der IP-Anonymisierung auf dieser Webseite wird Ihre  IP-Adresse von Google jedoch innerhalb von Mitgliedstaaten der Europ\u00e4ischen  Union oder in anderen Vertragsstaaten des Abkommens \u00fcber den Europ\u00e4ischen Wirtschaftsraum  zuvor gek\u00fcrzt. Nur in Ausnahmef\u00e4llen wird die volle IP-Adresse an einen Server von  Google in den USA \u00fcbertragen und dort gek\u00fcrzt. Google wird diese  Informationen benutzen, um Ihre Nutzung der Website auszuwerten, um Reports  \u00fcber die Websiteaktivit\u00e4ten f\u00fcr die Websitebetreiber zusammenzustellen und um  weitere mit der Websitenutzung und der Internetnutzung verbundene  Dienstleistungen zu erbringen. Auch wird Google diese Informationen  gegebenenfalls an Dritte \u00fcbertragen, sofern dies gesetzlich vorgeschrieben oder  soweit Dritte diese Daten im Auftrag von Google verarbeiten. Die im  Rahmen von Google Analytics von Ihrem Browser \u00fcbermittelte IP-Adresse wird  nicht mit anderen Daten von Google zusammengef\u00fchrt.                      Sie k\u00f6nnen die Installation der Cookies durch eine  entsprechende Einstellung Ihrer Browser Software verhindern; wir weisen Sie  jedoch darauf hin, dass Sie in diesem Fall gegebenenfalls nicht s\u00e4mtliche  Funktionen dieser Website voll umf\u00e4nglich nutzen k\u00f6nnen. Durch  die Nutzung dieser Website erkl\u00e4ren Sie sich mit der Bearbeitung der \u00fcber Sie  erhobenen Daten durch Google in der zuvor beschriebenen Art und Weise und zu  dem zuvor benannten Zweck einverstanden.          <\/p><h2>Quelle<\/h2><p>Dieses Impressum wurde am <strong>26.02.2019<\/strong> mit dem  Impressum-Generator <strong><a href=\"http:\/\/www.bag.ch\/impressum-generator\">http:\/\/www.bag.ch\/impressum-generator<\/a><\/strong> der Firma Brunner Medien AG in Kriens erstellt. Die Brunner Medien AG in Kriens \u00fcbernimmt keine  Haftung. <\/p>                     <p style=\"visibility:hidden;\">                   <\/p><\/div><\/p>\n","protected":false},"excerpt":{"rendered":"<p>Kontaktadresse adigasser.ch Adrian \u00a0Gasser Unterdorfw\u00e4g 8 8117 F\u00e4llanden Schweiz adi@adigasser.ch Haftungsausschluss Der Autor \u00fcbernimmt keinerlei Gew\u00e4hr hinsichtlich der inhaltlichen Richtigkeit, Genauigkeit, Aktualit\u00e4t, Zuverl\u00e4ssigkeit und Vollst\u00e4ndigkeit der Informationen. Haftungsanspr\u00fcche gegen den Autor wegen Sch\u00e4den materieller oder immaterieller Art, welche aus dem Zugriff oder der Nutzung bzw. Nichtnutzung der ver\u00f6ffentlichten Informationen, durch Missbrauch der Verbindung oder durch [&hellip;]<\/p>\n","protected":false},"author":1,"featured_media":60,"parent":0,"menu_order":0,"comment_status":"closed","ping_status":"closed","template":"","meta":{"_monsterinsights_skip_tracking":false,"_monsterinsights_sitenote_active":false,"_monsterinsights_sitenote_note":"","_monsterinsights_sitenote_category":0,"footnotes":""},"class_list":["post-54","page","type-page","status-publish","has-post-thumbnail","hentry"],"aioseo_notices":[],"_links":{"self":[{"href":"https:\/\/adigasser.ch\/adg\/wp-json\/wp\/v2\/pages\/54","targetHints":{"allow":["GET"]}}],"collection":[{"href":"https:\/\/adigasser.ch\/adg\/wp-json\/wp\/v2\/pages"}],"about":[{"href":"https:\/\/adigasser.ch\/adg\/wp-json\/wp\/v2\/types\/page"}],"author":[{"embeddable":true,"href":"https:\/\/adigasser.ch\/adg\/wp-json\/wp\/v2\/users\/1"}],"replies":[{"embeddable":true,"href":"https:\/\/adigasser.ch\/adg\/wp-json\/wp\/v2\/comments?post=54"}],"version-history":[{"count":7,"href":"https:\/\/adigasser.ch\/adg\/wp-json\/wp\/v2\/pages\/54\/revisions"}],"predecessor-version":[{"id":63,"href":"https:\/\/adigasser.ch\/adg\/wp-json\/wp\/v2\/pages\/54\/revisions\/63"}],"wp:featuredmedia":[{"embeddable":true,"href":"https:\/\/adigasser.ch\/adg\/wp-json\/wp\/v2\/media\/60"}],"wp:attachment":[{"href":"https:\/\/adigasser.ch\/adg\/wp-json\/wp\/v2\/media?parent=54"}],"curies":[{"name":"wp","href":"https:\/\/api.w.org\/{rel}","templated":true}]}}