{"id":124,"date":"2019-03-14T16:45:27","date_gmt":"2019-03-14T16:45:27","guid":{"rendered":"https:\/\/adigasser.ch\/adg\/?page_id=124"},"modified":"2019-03-14T16:47:02","modified_gmt":"2019-03-14T16:47:02","slug":"ueber-adrian-gasser","status":"publish","type":"page","link":"https:\/\/adigasser.ch\/adg\/kontakt\/ueber-adrian-gasser\/","title":{"rendered":"\u00fcber Adrian Gasser"},"content":{"rendered":"\n<p>Mit langj\u00e4hriger Erfahrung im Finanzbereich, beginnend als Alleinbuchhalter, als Controller bis hin zum kaufm\u00e4nnischen Leiter, CFO Postionen und in Stellvertretungsfunktion von Gesch\u00e4ftsf\u00fchrer und Abteilungsleiter teile ich gerne meine Gedanken, Erfahrungen und Wissen.<\/p>\n\n\n\n<p>Als kaufm\u00e4nischer Leiter durfte ich mehr als die reinen Finanzfunktionen abdecken. Themen aus Informatik, Logistik, Qualit\u00e4tsmanagement und Prozessmanagement haben mich ebenfalls begleitet und fasziniert. <\/p>\n\n\n\n<p>In der Zusammenarbeit mit anderen F\u00fchrungskr\u00e4ften durfte ich eine starke Sparrings-Rolle aufnehmen. Die konstruktive Auseinandersetzung mit allen Gesch\u00e4ftsthemen fand ich immer spannend und sie gaben mit die M\u00f6glichkeit, die von mir aufbereiteten Finanzzahlen nicht nur als Ergebnis sondern auch als Prozess zu verstehen.<\/p>\n\n\n\n<p>Neben einer kaufm\u00e4nnischen Ausbildung auf der Sozialversicherung, einen Ausflug ins Autogewerbe, in das Online-Gesch\u00e4ft, ins Gastronomie und Veranstaltungswesen, Zahlungsdienstleistung bis in die Kunststoffindustrie und andere exotische Unternehmen und Konstellationen hat mich das Thema Bildung immer begleitet. Selber aus einer Bildungsfamilie (mit Schulleitern, Entwicklungshelfern, Lehreren und Sonderp\u00e4dagogik) verlief mein Werdegang neben der Berufslehre \u00fcber die Weiterbildung zum Kaufmann HKG (heisst heute Betriebs\u00f6konom HF), dem Nachdiplomstudium Controlling FH (heute MAS Controlling) und Kursen in Qualit\u00e4tsmanagement sowie ein CAS in Prozessmanagement bin ich noch immer Wissensdurstig. Manchmal habe ich das Gef\u00fchl, vieles wird zu kompliziert dargestellt, man k\u00f6nnte es doch einfacher oder verst\u00e4ndlicher machen. <\/p>\n\n\n\n<p>So vielseitig meine Erfahrungen sind (das schweizer Taschenmesser unter den kaufm\u00e4nnischen F\u00fchrungskr\u00e4ften) so &#171;hands on&#187; oder bodenst\u00e4ndig versuche ich zu sein. <\/p>\n\n\n\n<p>Auf meiner Webseite gebe ich gerne Wissen aus meiner T\u00e4tigkeiten weiter, ob aus der Phase des Aufbaus des Online-Shop von Swarovski bis \u00fcber die betriebliche Sanierung der wez Kunststoffwerke AG und einige andere Einblicke in Startup, Handel und Dienstleistung.<\/p>\n\n\n\n<p><br><\/p>\n","protected":false},"excerpt":{"rendered":"<p>Mit langj\u00e4hriger Erfahrung im Finanzbereich, beginnend als Alleinbuchhalter, als Controller bis hin zum kaufm\u00e4nnischen Leiter, CFO Postionen und in Stellvertretungsfunktion von Gesch\u00e4ftsf\u00fchrer und Abteilungsleiter teile ich gerne meine Gedanken, Erfahrungen und Wissen. Als kaufm\u00e4nischer Leiter durfte ich mehr als die reinen Finanzfunktionen abdecken. Themen aus Informatik, Logistik, Qualit\u00e4tsmanagement und Prozessmanagement haben mich ebenfalls begleitet und [&hellip;]<\/p>\n","protected":false},"author":1,"featured_media":126,"parent":10,"menu_order":0,"comment_status":"closed","ping_status":"closed","template":"","meta":{"_monsterinsights_skip_tracking":false,"_monsterinsights_sitenote_active":false,"_monsterinsights_sitenote_note":"","_monsterinsights_sitenote_category":0,"footnotes":""},"class_list":["post-124","page","type-page","status-publish","has-post-thumbnail","hentry"],"aioseo_notices":[],"_links":{"self":[{"href":"https:\/\/adigasser.ch\/adg\/wp-json\/wp\/v2\/pages\/124","targetHints":{"allow":["GET"]}}],"collection":[{"href":"https:\/\/adigasser.ch\/adg\/wp-json\/wp\/v2\/pages"}],"about":[{"href":"https:\/\/adigasser.ch\/adg\/wp-json\/wp\/v2\/types\/page"}],"author":[{"embeddable":true,"href":"https:\/\/adigasser.ch\/adg\/wp-json\/wp\/v2\/users\/1"}],"replies":[{"embeddable":true,"href":"https:\/\/adigasser.ch\/adg\/wp-json\/wp\/v2\/comments?post=124"}],"version-history":[{"count":1,"href":"https:\/\/adigasser.ch\/adg\/wp-json\/wp\/v2\/pages\/124\/revisions"}],"predecessor-version":[{"id":125,"href":"https:\/\/adigasser.ch\/adg\/wp-json\/wp\/v2\/pages\/124\/revisions\/125"}],"up":[{"embeddable":true,"href":"https:\/\/adigasser.ch\/adg\/wp-json\/wp\/v2\/pages\/10"}],"wp:featuredmedia":[{"embeddable":true,"href":"https:\/\/adigasser.ch\/adg\/wp-json\/wp\/v2\/media\/126"}],"wp:attachment":[{"href":"https:\/\/adigasser.ch\/adg\/wp-json\/wp\/v2\/media?parent=124"}],"curies":[{"name":"wp","href":"https:\/\/api.w.org\/{rel}","templated":true}]}}